{"id":1665,"date":"2023-11-28T20:17:48","date_gmt":"2023-11-28T19:17:48","guid":{"rendered":"http:\/\/1250.info\/?post_type=product&#038;p=1665"},"modified":"2023-11-28T20:18:48","modified_gmt":"2023-11-28T19:18:48","slug":"lampe-chevet","status":"publish","type":"product","link":"http:\/\/1250.info\/?product=lampe-chevet","title":{"rendered":"Lampe chevet"},"content":{"rendered":"","protected":false},"excerpt":{"rendered":"<p>10 x 16 cm. Moul\u00e9e \u00e0 la main. Porcelaine cuite \u00e0 haute temp\u00e9rature (1250\u00b0). \u00c9maillage ext\u00e9rieur : brillant transparent.\u00a0 Interrupteur et prise en plastique transparent. Soquet G9. Pieds en silicone ou en lie\u0300ge, couleur au choix. Fil tiss\u00e9 : 220 cm, couleur au choix.<\/p>\n","protected":false},"featured_media":1667,"template":"","meta":[],"product_cat":[59],"product_tag":[],"class_list":{"0":"post-1665","1":"product","2":"type-product","3":"status-publish","4":"has-post-thumbnail","6":"product_cat-lampe","8":"first","9":"instock","10":"taxable","11":"shipping-taxable","12":"product-type-variable"},"_links":{"self":[{"href":"http:\/\/1250.info\/index.php?rest_route=\/wp\/v2\/product\/1665","targetHints":{"allow":["GET"]}}],"collection":[{"href":"http:\/\/1250.info\/index.php?rest_route=\/wp\/v2\/product"}],"about":[{"href":"http:\/\/1250.info\/index.php?rest_route=\/wp\/v2\/types\/product"}],"wp:featuredmedia":[{"embeddable":true,"href":"http:\/\/1250.info\/index.php?rest_route=\/wp\/v2\/media\/1667"}],"wp:attachment":[{"href":"http:\/\/1250.info\/index.php?rest_route=%2Fwp%2Fv2%2Fmedia&parent=1665"}],"wp:term":[{"taxonomy":"product_cat","embeddable":true,"href":"http:\/\/1250.info\/index.php?rest_route=%2Fwp%2Fv2%2Fproduct_cat&post=1665"},{"taxonomy":"product_tag","embeddable":true,"href":"http:\/\/1250.info\/index.php?rest_route=%2Fwp%2Fv2%2Fproduct_tag&post=1665"}],"curies":[{"name":"wp","href":"https:\/\/api.w.org\/{rel}","templated":true}]}}