{"id":1552,"date":"2022-12-02T00:49:47","date_gmt":"2022-12-01T23:49:47","guid":{"rendered":"http:\/\/1250.info\/?post_type=product&#038;p=1552"},"modified":"2022-12-02T00:54:41","modified_gmt":"2022-12-01T23:54:41","slug":"lampe-boule-2","status":"publish","type":"product","link":"http:\/\/1250.info\/?product=lampe-boule-2","title":{"rendered":"Lampe boule"},"content":{"rendered":"","protected":false},"excerpt":{"rendered":"<p>10 x 12 cm. Moul\u00e9e \u00e0 la main. Porcelaine cuite \u00e0 haute temp\u00e9rature (1250\u00b0). \u00c9maillage ext\u00e9rieur : brillant transparent. Accroche murale en bois. Interrupteur et prise en plastique transparent. Soquet G9. Fil tiss\u00e9 : 220 cm, couleur au choix.<\/p>\n","protected":false},"featured_media":1556,"template":"","meta":[],"product_cat":[59],"product_tag":[],"class_list":{"0":"post-1552","1":"product","2":"type-product","3":"status-publish","4":"has-post-thumbnail","6":"product_cat-lampe","8":"first","9":"instock","10":"taxable","11":"shipping-taxable","12":"purchasable","13":"product-type-variable"},"_links":{"self":[{"href":"http:\/\/1250.info\/index.php?rest_route=\/wp\/v2\/product\/1552","targetHints":{"allow":["GET"]}}],"collection":[{"href":"http:\/\/1250.info\/index.php?rest_route=\/wp\/v2\/product"}],"about":[{"href":"http:\/\/1250.info\/index.php?rest_route=\/wp\/v2\/types\/product"}],"wp:featuredmedia":[{"embeddable":true,"href":"http:\/\/1250.info\/index.php?rest_route=\/wp\/v2\/media\/1556"}],"wp:attachment":[{"href":"http:\/\/1250.info\/index.php?rest_route=%2Fwp%2Fv2%2Fmedia&parent=1552"}],"wp:term":[{"taxonomy":"product_cat","embeddable":true,"href":"http:\/\/1250.info\/index.php?rest_route=%2Fwp%2Fv2%2Fproduct_cat&post=1552"},{"taxonomy":"product_tag","embeddable":true,"href":"http:\/\/1250.info\/index.php?rest_route=%2Fwp%2Fv2%2Fproduct_tag&post=1552"}],"curies":[{"name":"wp","href":"https:\/\/api.w.org\/{rel}","templated":true}]}}