{"id":1541,"date":"2022-12-02T00:41:30","date_gmt":"2022-12-01T23:41:30","guid":{"rendered":"http:\/\/1250.info\/?post_type=product&#038;p=1541"},"modified":"2022-12-02T00:48:48","modified_gmt":"2022-12-01T23:48:48","slug":"lampe-murale","status":"publish","type":"product","link":"http:\/\/1250.info\/?product=lampe-murale","title":{"rendered":"Lampe murale"},"content":{"rendered":"","protected":false},"excerpt":{"rendered":"<p>22 x 18 cm. Moul\u00e9e \u00e0 la main. Porcelaine cuite \u00e0 haute temp\u00e9rature (1250\u00b0). \u00c9maillage ext\u00e9rieur : brillant transparent. Accroche murale en bois. Serre-c\u00e2ble en laiton. Interrupteur et prise en plastique transparent. Soquet E14. Fil tiss\u00e9 : 300 cm, couleur au choix.<\/p>\n","protected":false},"featured_media":1550,"template":"","meta":[],"product_cat":[59],"product_tag":[],"class_list":{"0":"post-1541","1":"product","2":"type-product","3":"status-publish","4":"has-post-thumbnail","6":"product_cat-lampe","8":"first","9":"instock","10":"taxable","11":"shipping-taxable","12":"purchasable","13":"product-type-variable"},"_links":{"self":[{"href":"http:\/\/1250.info\/index.php?rest_route=\/wp\/v2\/product\/1541","targetHints":{"allow":["GET"]}}],"collection":[{"href":"http:\/\/1250.info\/index.php?rest_route=\/wp\/v2\/product"}],"about":[{"href":"http:\/\/1250.info\/index.php?rest_route=\/wp\/v2\/types\/product"}],"wp:featuredmedia":[{"embeddable":true,"href":"http:\/\/1250.info\/index.php?rest_route=\/wp\/v2\/media\/1550"}],"wp:attachment":[{"href":"http:\/\/1250.info\/index.php?rest_route=%2Fwp%2Fv2%2Fmedia&parent=1541"}],"wp:term":[{"taxonomy":"product_cat","embeddable":true,"href":"http:\/\/1250.info\/index.php?rest_route=%2Fwp%2Fv2%2Fproduct_cat&post=1541"},{"taxonomy":"product_tag","embeddable":true,"href":"http:\/\/1250.info\/index.php?rest_route=%2Fwp%2Fv2%2Fproduct_tag&post=1541"}],"curies":[{"name":"wp","href":"https:\/\/api.w.org\/{rel}","templated":true}]}}