{"id":1452,"date":"2022-12-01T23:04:14","date_gmt":"2022-12-01T22:04:14","guid":{"rendered":"http:\/\/1250.info\/?post_type=product&#038;p=1452"},"modified":"2022-12-01T23:19:30","modified_gmt":"2022-12-01T22:19:30","slug":"soucoupe","status":"publish","type":"product","link":"http:\/\/1250.info\/?product=soucoupe","title":{"rendered":"Soucoupe"},"content":{"rendered":"","protected":false},"excerpt":{"rendered":"<p>15,5 x 2,5 cm. Moul\u00e9 \u00e0 la main. Porcelaine cuite \u00e0 haute temp\u00e9rature (1250\u00b0). \u00c9maillage ext\u00e9rieur : brillant transparent. \u00c9maillage int\u00e9rieur : couleur pastel au choix.<\/p>\n","protected":false},"featured_media":1464,"template":"","meta":[],"product_cat":[58],"product_tag":[],"class_list":{"0":"post-1452","1":"product","2":"type-product","3":"status-publish","4":"has-post-thumbnail","6":"product_cat-vaisselle","8":"first","9":"instock","10":"taxable","11":"shipping-taxable","12":"purchasable","13":"product-type-variable","14":"has-default-attributes"},"_links":{"self":[{"href":"http:\/\/1250.info\/index.php?rest_route=\/wp\/v2\/product\/1452","targetHints":{"allow":["GET"]}}],"collection":[{"href":"http:\/\/1250.info\/index.php?rest_route=\/wp\/v2\/product"}],"about":[{"href":"http:\/\/1250.info\/index.php?rest_route=\/wp\/v2\/types\/product"}],"wp:featuredmedia":[{"embeddable":true,"href":"http:\/\/1250.info\/index.php?rest_route=\/wp\/v2\/media\/1464"}],"wp:attachment":[{"href":"http:\/\/1250.info\/index.php?rest_route=%2Fwp%2Fv2%2Fmedia&parent=1452"}],"wp:term":[{"taxonomy":"product_cat","embeddable":true,"href":"http:\/\/1250.info\/index.php?rest_route=%2Fwp%2Fv2%2Fproduct_cat&post=1452"},{"taxonomy":"product_tag","embeddable":true,"href":"http:\/\/1250.info\/index.php?rest_route=%2Fwp%2Fv2%2Fproduct_tag&post=1452"}],"curies":[{"name":"wp","href":"https:\/\/api.w.org\/{rel}","templated":true}]}}