{"id":1434,"date":"2022-12-01T22:45:30","date_gmt":"2022-12-01T21:45:30","guid":{"rendered":"http:\/\/1250.info\/?post_type=product&#038;p=1434"},"modified":"2022-12-01T23:01:59","modified_gmt":"2022-12-01T22:01:59","slug":"petite-tasse","status":"publish","type":"product","link":"http:\/\/1250.info\/?product=petite-tasse","title":{"rendered":"Petite tasse"},"content":{"rendered":"","protected":false},"excerpt":{"rendered":"<p>9 x 5 cm. Moul\u00e9 \u00e0 la main. Porcelaine cuite \u00e0 haute temp\u00e9rature (1250\u00b0). \u00c9maillage ext\u00e9rieur : brillant transparent. \u00c9maillage int\u00e9rieur : couleur pastel au choix.<\/p>\n","protected":false},"featured_media":1444,"template":"","meta":[],"product_cat":[58],"product_tag":[],"class_list":{"0":"post-1434","1":"product","2":"type-product","3":"status-publish","4":"has-post-thumbnail","6":"product_cat-vaisselle","8":"first","9":"instock","10":"taxable","11":"shipping-taxable","12":"purchasable","13":"product-type-variable","14":"has-default-attributes"},"_links":{"self":[{"href":"http:\/\/1250.info\/index.php?rest_route=\/wp\/v2\/product\/1434","targetHints":{"allow":["GET"]}}],"collection":[{"href":"http:\/\/1250.info\/index.php?rest_route=\/wp\/v2\/product"}],"about":[{"href":"http:\/\/1250.info\/index.php?rest_route=\/wp\/v2\/types\/product"}],"wp:featuredmedia":[{"embeddable":true,"href":"http:\/\/1250.info\/index.php?rest_route=\/wp\/v2\/media\/1444"}],"wp:attachment":[{"href":"http:\/\/1250.info\/index.php?rest_route=%2Fwp%2Fv2%2Fmedia&parent=1434"}],"wp:term":[{"taxonomy":"product_cat","embeddable":true,"href":"http:\/\/1250.info\/index.php?rest_route=%2Fwp%2Fv2%2Fproduct_cat&post=1434"},{"taxonomy":"product_tag","embeddable":true,"href":"http:\/\/1250.info\/index.php?rest_route=%2Fwp%2Fv2%2Fproduct_tag&post=1434"}],"curies":[{"name":"wp","href":"https:\/\/api.w.org\/{rel}","templated":true}]}}