{"id":1420,"date":"2022-12-01T22:34:19","date_gmt":"2022-12-01T21:34:19","guid":{"rendered":"http:\/\/1250.info\/?post_type=product&#038;p=1420"},"modified":"2022-12-01T23:03:23","modified_gmt":"2022-12-01T22:03:23","slug":"saladier-2","status":"publish","type":"product","link":"http:\/\/1250.info\/?product=saladier-2","title":{"rendered":"Saladier"},"content":{"rendered":"","protected":false},"excerpt":{"rendered":"<p>27 x 13 cm. Moul\u00e9 \u00e0 la main. Porcelaine cuite \u00e0 haute temp\u00e9rature (1250\u00b0). \u00c9maillage ext\u00e9rieur : brillant transparent. \u00c9maillage int\u00e9rieur : couleur pastel au choix.<\/p>\n","protected":false},"featured_media":1427,"template":"","meta":[],"product_cat":[58],"product_tag":[],"class_list":{"0":"post-1420","1":"product","2":"type-product","3":"status-publish","4":"has-post-thumbnail","6":"product_cat-vaisselle","8":"first","9":"instock","10":"taxable","11":"shipping-taxable","12":"purchasable","13":"product-type-variable"},"_links":{"self":[{"href":"http:\/\/1250.info\/index.php?rest_route=\/wp\/v2\/product\/1420","targetHints":{"allow":["GET"]}}],"collection":[{"href":"http:\/\/1250.info\/index.php?rest_route=\/wp\/v2\/product"}],"about":[{"href":"http:\/\/1250.info\/index.php?rest_route=\/wp\/v2\/types\/product"}],"wp:featuredmedia":[{"embeddable":true,"href":"http:\/\/1250.info\/index.php?rest_route=\/wp\/v2\/media\/1427"}],"wp:attachment":[{"href":"http:\/\/1250.info\/index.php?rest_route=%2Fwp%2Fv2%2Fmedia&parent=1420"}],"wp:term":[{"taxonomy":"product_cat","embeddable":true,"href":"http:\/\/1250.info\/index.php?rest_route=%2Fwp%2Fv2%2Fproduct_cat&post=1420"},{"taxonomy":"product_tag","embeddable":true,"href":"http:\/\/1250.info\/index.php?rest_route=%2Fwp%2Fv2%2Fproduct_tag&post=1420"}],"curies":[{"name":"wp","href":"https:\/\/api.w.org\/{rel}","templated":true}]}}