{"id":358,"date":"2015-08-12T12:27:19","date_gmt":"2015-08-12T12:27:19","guid":{"rendered":"http:\/\/savoy.nordicmade.com\/?page_id=358"},"modified":"2023-09-30T11:07:29","modified_gmt":"2023-09-30T09:07:29","slug":"about-2","status":"publish","type":"page","link":"http:\/\/1250.info\/?page_id=358","title":{"rendered":"About"},"content":{"rendered":"<p>[vc_row type=\u00a0\u00bbboxed\u00a0\u00bb][vc_column width=\u00a0\u00bb5\/6&Prime; offset=\u00a0\u00bbvc_col-sm-offset-1&Prime;][vc_empty_space height=\u00a0\u00bb47px\u00a0\u00bb][vc_column_text]<\/p>\n<h2>De la porcelaine moul\u00e9e \u00e0 la main en \u00e9dition limit\u00e9e, fabriqu\u00e9e \u00e0 Bruxelles.<\/h2>\n<p>[\/vc_column_text][\/vc_column][\/vc_row][vc_row type=\u00a0\u00bbboxed\u00a0\u00bb][vc_column][vc_empty_space height=\u00a0\u00bb43px\u00a0\u00bb]\r\n\t\t\t<div class=\"nm-banner content-full image-type-fluid text-color-dark subtitle-below\" style=\"\"><img loading=\"lazy\" decoding=\"async\" src=\"http:\/\/1250.info\/wp-content\/uploads\/2022\/12\/banc_tasse_sous_tasse_1-2-scaled.jpg\" width=\"2560\" height=\"1725\" alt=\"banc_tasse_sous_tasse_1\" \/>\r\n\t\t\t<\/div>[vc_empty_space height=\u00a0\u00bb47px\u00a0\u00bb][\/vc_column][\/vc_row][vc_row type=\u00a0\u00bbboxed\u00a0\u00bb][vc_column width=\u00a0\u00bb1\/4&Prime; offset=\u00a0\u00bbvc_col-sm-offset-1&Prime;][vc_column_text]<\/p>\n<h4>Pourquoi 1250\u00b0 ?<\/h4>\n<p>[\/vc_column_text][\/vc_column][vc_column width=\u00a0\u00bb7\/12&Prime;][vc_column_text]1250\u00b0 d\u00e9signe la temp\u00e9rature de cuisson de la porcelaine. Le design de chaque mod\u00e8le est unique. La finesse de la porcelaine permet de conserver sa qualit\u00e9 translucide.[\/vc_column_text][\/vc_column][\/vc_row][vc_row type=\u00a0\u00bbboxed\u00a0\u00bb][vc_column][vc_empty_space height=\u00a0\u00bb43px\u00a0\u00bb]\r\n\t\t\t<div class=\"nm-banner content-full image-type-fluid text-color-dark subtitle-below\" style=\"\"><img loading=\"lazy\" decoding=\"async\" src=\"http:\/\/1250.info\/wp-content\/uploads\/2022\/12\/detail_assiette-1.jpg\" width=\"2282\" height=\"1807\" alt=\"detail_assiette\" \/>\r\n\t\t\t<\/div>[vc_empty_space height=\u00a0\u00bb47px\u00a0\u00bb][\/vc_column][\/vc_row][vc_row type=\u00a0\u00bbboxed\u00a0\u00bb][vc_column width=\u00a0\u00bb1\/4&Prime; offset=\u00a0\u00bbvc_col-sm-offset-1&Prime;][vc_column_text]<\/p>\n<h4>Contact<\/h4>\n<p>[\/vc_column_text][vc_empty_space height=\u00a0\u00bb17px\u00a0\u00bb][\/vc_column][vc_column width=\u00a0\u00bb7\/12&Prime;][vc_column_text]+32 (0) 484 38 95 67<br \/>\n<a href=\"#\">jacquartsixtine@gmail.com<\/a>[\/vc_column_text][\/vc_column][\/vc_row][vc_row][vc_column][vc_empty_space height=\u00a0\u00bb40&Prime;][\/vc_column][\/vc_row]<\/p>\n","protected":false},"excerpt":{"rendered":"<p>[vc_row type=\u00a0\u00bbboxed\u00a0\u00bb][vc_column width=\u00a0\u00bb5\/6&Prime; offset=\u00a0\u00bbvc_col-sm-offset-1&Prime;][vc_empty_space height=\u00a0\u00bb47px\u00a0\u00bb][vc_column_text] De la porcelaine moul\u00e9e \u00e0 la main en \u00e9dition limit\u00e9e, fabriqu\u00e9e \u00e0 Bruxelles. [\/vc_column_text][\/vc_column][\/vc_row][vc_row type=\u00a0\u00bbboxed\u00a0\u00bb][vc_column][vc_empty_space height=\u00a0\u00bb43px\u00a0\u00bb][vc_empty_space height=\u00a0\u00bb47px\u00a0\u00bb][\/vc_column][\/vc_row][vc_row type=\u00a0\u00bbboxed\u00a0\u00bb][vc_column width=\u00a0\u00bb1\/4&Prime; offset=\u00a0\u00bbvc_col-sm-offset-1&Prime;][vc_column_text] Pourquoi 1250\u00b0 ? [\/vc_column_text][\/vc_column][vc_column width=\u00a0\u00bb7\/12&Prime;][vc_column_text]1250\u00b0 d\u00e9signe la temp\u00e9rature de cuisson de la porcelaine. Le design de chaque mod\u00e8le est unique. La finesse de la porcelaine permet de conserver sa qualit\u00e9 &hellip;<\/p>\n","protected":false},"author":1,"featured_media":0,"parent":0,"menu_order":0,"comment_status":"closed","ping_status":"closed","template":"","meta":{"footnotes":""},"class_list":["post-358","page","type-page","status-publish","hentry"],"_links":{"self":[{"href":"http:\/\/1250.info\/index.php?rest_route=\/wp\/v2\/pages\/358","targetHints":{"allow":["GET"]}}],"collection":[{"href":"http:\/\/1250.info\/index.php?rest_route=\/wp\/v2\/pages"}],"about":[{"href":"http:\/\/1250.info\/index.php?rest_route=\/wp\/v2\/types\/page"}],"author":[{"embeddable":true,"href":"http:\/\/1250.info\/index.php?rest_route=\/wp\/v2\/users\/1"}],"replies":[{"embeddable":true,"href":"http:\/\/1250.info\/index.php?rest_route=%2Fwp%2Fv2%2Fcomments&post=358"}],"version-history":[{"count":13,"href":"http:\/\/1250.info\/index.php?rest_route=\/wp\/v2\/pages\/358\/revisions"}],"predecessor-version":[{"id":1642,"href":"http:\/\/1250.info\/index.php?rest_route=\/wp\/v2\/pages\/358\/revisions\/1642"}],"wp:attachment":[{"href":"http:\/\/1250.info\/index.php?rest_route=%2Fwp%2Fv2%2Fmedia&parent=358"}],"curies":[{"name":"wp","href":"https:\/\/api.w.org\/{rel}","templated":true}]}}